{"id":110,"date":"2014-04-19T08:49:30","date_gmt":"2014-04-19T06:49:30","guid":{"rendered":"http:\/\/www.storborgarn.se\/wordpress\/?page_id=110"},"modified":"2015-04-26T22:46:36","modified_gmt":"2015-04-26T20:46:36","slug":"foreningar","status":"publish","type":"page","link":"https:\/\/storborgarn.se\/wordpress\/byn\/foreningar\/","title":{"rendered":"F\u00f6reningar"},"content":{"rendered":"<p>I byn finns ett antal olika f\u00f6reningar som jobbar inom olika omr\u00e5den. H\u00e4r f\u00f6ljer en beskrivning av dessa:<\/p>\n<p>F\u00f6rening&#8230;<\/p>\n<p>Arbetrar med&#8230;<\/p>\n<p>Stryrelse&#8230;<\/p>\n<p>&nbsp;<\/p>\n","protected":false},"excerpt":{"rendered":"<p>I byn finns ett antal olika f\u00f6reningar som jobbar inom olika omr\u00e5den. H\u00e4r f\u00f6ljer en beskrivning av dessa: F\u00f6rening&#8230; Arbetrar med&#8230; Stryrelse&#8230; &nbsp;<\/p>\n","protected":false},"author":2,"featured_media":0,"parent":5,"menu_order":0,"comment_status":"closed","ping_status":"closed","template":"","meta":{"footnotes":""},"class_list":["post-110","page","type-page","status-publish","hentry"],"_links":{"self":[{"href":"https:\/\/storborgarn.se\/wordpress\/wp-json\/wp\/v2\/pages\/110"}],"collection":[{"href":"https:\/\/storborgarn.se\/wordpress\/wp-json\/wp\/v2\/pages"}],"about":[{"href":"https:\/\/storborgarn.se\/wordpress\/wp-json\/wp\/v2\/types\/page"}],"author":[{"embeddable":true,"href":"https:\/\/storborgarn.se\/wordpress\/wp-json\/wp\/v2\/users\/2"}],"replies":[{"embeddable":true,"href":"https:\/\/storborgarn.se\/wordpress\/wp-json\/wp\/v2\/comments?post=110"}],"version-history":[{"count":0,"href":"https:\/\/storborgarn.se\/wordpress\/wp-json\/wp\/v2\/pages\/110\/revisions"}],"up":[{"embeddable":true,"href":"https:\/\/storborgarn.se\/wordpress\/wp-json\/wp\/v2\/pages\/5"}],"wp:attachment":[{"href":"https:\/\/storborgarn.se\/wordpress\/wp-json\/wp\/v2\/media?parent=110"}],"curies":[{"name":"wp","href":"https:\/\/api.w.org\/{rel}","templated":true}]}}