{"id":198,"date":"2014-04-20T09:33:06","date_gmt":"2014-04-20T07:33:06","guid":{"rendered":"http:\/\/www.storborgarn.se\/wordpress\/?page_id=198"},"modified":"2016-09-07T18:38:56","modified_gmt":"2016-09-07T16:38:56","slug":"personer-vi-mins","status":"publish","type":"page","link":"https:\/\/storborgarn.se\/wordpress\/byn\/personer-vi-mins\/","title":{"rendered":"Personer vi minns"},"content":{"rendered":"<p>H\u00e4r samlas n\u00e5gra bilder p\u00e5 personer som bott i byn men som har g\u00e5tt ur tiden. Har du n\u00e5gra bra bilder som du vill visa h\u00e4r s\u00e5 skicka dessa till mig.<\/p>\n<p><img decoding=\"async\" class=\"ngg_displayed_gallery mceItem\" src=\"http:\/\/www.storborgarn.se\/wordpress\/nextgen-attach_to_post\/preview\/id--199\" alt=\"\" \/><\/p>\n","protected":false},"excerpt":{"rendered":"<p>H\u00e4r samlas n\u00e5gra bilder p\u00e5 personer som bott i byn men som har g\u00e5tt ur tiden. Har du n\u00e5gra bra bilder som du vill visa h\u00e4r s\u00e5 skicka dessa till mig.<\/p>\n","protected":false},"author":2,"featured_media":0,"parent":5,"menu_order":0,"comment_status":"closed","ping_status":"closed","template":"","meta":{"footnotes":""},"class_list":["post-198","page","type-page","status-publish","hentry"],"_links":{"self":[{"href":"https:\/\/storborgarn.se\/wordpress\/wp-json\/wp\/v2\/pages\/198"}],"collection":[{"href":"https:\/\/storborgarn.se\/wordpress\/wp-json\/wp\/v2\/pages"}],"about":[{"href":"https:\/\/storborgarn.se\/wordpress\/wp-json\/wp\/v2\/types\/page"}],"author":[{"embeddable":true,"href":"https:\/\/storborgarn.se\/wordpress\/wp-json\/wp\/v2\/users\/2"}],"replies":[{"embeddable":true,"href":"https:\/\/storborgarn.se\/wordpress\/wp-json\/wp\/v2\/comments?post=198"}],"version-history":[{"count":0,"href":"https:\/\/storborgarn.se\/wordpress\/wp-json\/wp\/v2\/pages\/198\/revisions"}],"up":[{"embeddable":true,"href":"https:\/\/storborgarn.se\/wordpress\/wp-json\/wp\/v2\/pages\/5"}],"wp:attachment":[{"href":"https:\/\/storborgarn.se\/wordpress\/wp-json\/wp\/v2\/media?parent=198"}],"curies":[{"name":"wp","href":"https:\/\/api.w.org\/{rel}","templated":true}]}}