{"id":48,"date":"2011-03-27T12:45:19","date_gmt":"2011-03-27T10:45:19","guid":{"rendered":"http:\/\/www.storborgarn.se\/wordpress\/?page_id=48"},"modified":"2015-06-26T21:39:03","modified_gmt":"2015-06-26T19:39:03","slug":"lankar","status":"publish","type":"page","link":"https:\/\/storborgarn.se\/wordpress\/lankar\/","title":{"rendered":"L\u00e4nkar"},"content":{"rendered":"<p>H\u00e4r hittar du bra l\u00e4nkar:<\/p>\n<p>[link-library settings=1]<\/p>\n","protected":false},"excerpt":{"rendered":"<p>H\u00e4r hittar du bra l\u00e4nkar: [link-library settings=1]<\/p>\n","protected":false},"author":1,"featured_media":0,"parent":0,"menu_order":0,"comment_status":"closed","ping_status":"closed","template":"","meta":{"footnotes":""},"class_list":["post-48","page","type-page","status-publish","hentry"],"_links":{"self":[{"href":"https:\/\/storborgarn.se\/wordpress\/wp-json\/wp\/v2\/pages\/48"}],"collection":[{"href":"https:\/\/storborgarn.se\/wordpress\/wp-json\/wp\/v2\/pages"}],"about":[{"href":"https:\/\/storborgarn.se\/wordpress\/wp-json\/wp\/v2\/types\/page"}],"author":[{"embeddable":true,"href":"https:\/\/storborgarn.se\/wordpress\/wp-json\/wp\/v2\/users\/1"}],"replies":[{"embeddable":true,"href":"https:\/\/storborgarn.se\/wordpress\/wp-json\/wp\/v2\/comments?post=48"}],"version-history":[{"count":0,"href":"https:\/\/storborgarn.se\/wordpress\/wp-json\/wp\/v2\/pages\/48\/revisions"}],"wp:attachment":[{"href":"https:\/\/storborgarn.se\/wordpress\/wp-json\/wp\/v2\/media?parent=48"}],"curies":[{"name":"wp","href":"https:\/\/api.w.org\/{rel}","templated":true}]}}