{"id":5,"date":"2011-03-26T19:31:49","date_gmt":"2011-03-26T18:31:49","guid":{"rendered":"http:\/\/www.storborgarn.se\/wordpress\/?page_id=5"},"modified":"2019-07-08T08:27:53","modified_gmt":"2019-07-08T06:27:53","slug":"byn","status":"publish","type":"page","link":"https:\/\/storborgarn.se\/wordpress\/byn\/","title":{"rendered":"Byn"},"content":{"rendered":"<p>Storborgaren \u00e4r en liten skogsby cirka 6 mil nord v\u00e4st om \u00d6rnsk\u00f6ldsvik. Byn ligger p\u00e5 en \u00e5s och med utsikt \u00f6ver den 6 km l\u00e5nga Storborgarnsj\u00f6n. Den utsikt man f\u00e5r n\u00e4r man st\u00e5r i byn \u00e4r f\u00f6rutom sj\u00f6n, skog och \u00e5ter skog. Skogen har varit den faktor som gjort att folk har kunnat s\u00e4tta bo och fostra sina efterkommande i byn. Skogen har bidragit med virke till byggnader, k\u00f6tt till grytan, bete till djuren under sommaren samt arbete till byns innev\u00e5nare.<\/p>\n<p><strong>Historia<\/strong><\/p>\n<p>I b\u00f6rjan p\u00e5 1700 talet anlades ett nybygge p\u00e5 \u00f6stra stranden (mot stormyr skogen) av Storborgarnsj\u00f6n. De f\u00f6rsta fasta bos\u00e4ttarna var Nils Hemansson M\u00e5rd samt H\u00e5kan Olsson Norman vilka brukar ben\u00e4mnas som byns grundare (ca 1754).<br \/>\nUnder 1930-50-talet bodde det som mest 87 innev\u00e5nare i byn, den huvudsakliga n\u00e4ringen var skogen samt jordbruk. Mo&amp;Domsj\u00f6 AB var den huvudsakliga arbetsgivare (om man inte arbetade p\u00e5 det egna hemmanet), d\u00e4r m\u00e4nnen arbetade med skogsavverkning under vintrarna, r\u00f6jning, plantering samt br\u00e4nning under somrarna.<br \/>\nMen med den f\u00f6rs\u00e4mrande l\u00f6nsamheten och mekaniseringen av skogsbruket gjorde att de unga inte l\u00e4ngre kunde bo kvar i byn. De flesta flyttade till de st\u00f6rre samh\u00e4llena som Bj\u00f6rna, Bredbyn samt \u00d6rnsk\u00f6ldsvik d\u00e4r det fanns st\u00f6rre m\u00f6jligheter till arbete.<\/p>\n<p><strong>Nutid<\/strong><\/p>\n<p>Idag (2019) finns det 17 bofasta innev\u00e5nare kvar. I byn finns en aktiv Bygdeg\u00e5rdsf\u00f6rening som verkar f\u00f6rr att h\u00e5lla byn vid liv (s\u00e5 l\u00e5ngt som m\u00f6jligt). Detta g\u00f6rs genom att man arrangerar olika &#8220;spektakel&#8221; f\u00f6r att locka hem de utflugna, \u00e5tminstone under semestrar och helger.<\/p>\n<p><strong>Hur hittar man till denna &#8220;p\u00e4rla&#8221; i skogen?<\/strong><\/p>\n<p>Fr\u00e5n \u00d6rnsk\u00f6ldsvik f\u00f6lj v\u00e4g 352 mot Fredrika. I Bj\u00f6rna sv\u00e4nger du v\u00e4nster och forts\u00e4tter f\u00e4rden till Hemling. H\u00e4r sv\u00e4nger du v\u00e4nster igen vid v\u00e4gkorsningen som pekar mot H\u00e4danberg. F\u00e4rden tar dig f\u00f6rbi Berg och vidare in i vildmarken, efter ca 20 minuters f\u00e4rd (fr\u00e5n Hemling) kommer du fram till Storborgaren. Sv\u00e4ng v\u00e4nster f\u00f6r att ta dig en titt p\u00e5 v\u00e5r lilla by, stanna vid v\u00e4ndplatsen och njut av utsikten \u00f6ver Storborgarsj\u00f6n och bergen runt omkring.<\/p>\n<p>V\u00e4ljer du att sv\u00e4nga till h\u00f6ger i korsningen kommer du till byarna G\u00e5lberget, F\u00e4lltj\u00e4l, Nordsj\u00f6, Mellansj\u00f6 och s\u00e5 sm\u00e5ningom till H\u00e4danberg (det som angavs p\u00e5 v\u00e4gskylten i Hemling).<\/p>\n<p>Avst\u00e5nd till n\u00e4rmaste orter \u00e4r: Hemling (17 km), Bj\u00f6rna (30 km), Bredbyn (40 km), \u00d6rnsk\u00f6ldsvik (70 km), Stockholm (560 km), Norrk\u00f6ping (730 km).<\/p>\n<p>[wpgmappity id=&#8221;1&#8243;]<\/p>\n","protected":false},"excerpt":{"rendered":"<p>Storborgaren \u00e4r en liten skogsby cirka 6 mil nord v\u00e4st om \u00d6rnsk\u00f6ldsvik. Byn ligger p\u00e5 en \u00e5s och med utsikt \u00f6ver den 6 km l\u00e5nga Storborgarnsj\u00f6n. Den utsikt man f\u00e5r n\u00e4r man st\u00e5r i byn \u00e4r f\u00f6rutom sj\u00f6n, skog och &hellip; <a href=\"https:\/\/storborgarn.se\/wordpress\/byn\/\">Forts\u00e4tt l\u00e4sa <span class=\"meta-nav\">&rarr;<\/span><\/a><\/p>\n","protected":false},"author":1,"featured_media":0,"parent":0,"menu_order":0,"comment_status":"closed","ping_status":"closed","template":"","meta":{"footnotes":""},"class_list":["post-5","page","type-page","status-publish","hentry"],"_links":{"self":[{"href":"https:\/\/storborgarn.se\/wordpress\/wp-json\/wp\/v2\/pages\/5"}],"collection":[{"href":"https:\/\/storborgarn.se\/wordpress\/wp-json\/wp\/v2\/pages"}],"about":[{"href":"https:\/\/storborgarn.se\/wordpress\/wp-json\/wp\/v2\/types\/page"}],"author":[{"embeddable":true,"href":"https:\/\/storborgarn.se\/wordpress\/wp-json\/wp\/v2\/users\/1"}],"replies":[{"embeddable":true,"href":"https:\/\/storborgarn.se\/wordpress\/wp-json\/wp\/v2\/comments?post=5"}],"version-history":[{"count":1,"href":"https:\/\/storborgarn.se\/wordpress\/wp-json\/wp\/v2\/pages\/5\/revisions"}],"predecessor-version":[{"id":868,"href":"https:\/\/storborgarn.se\/wordpress\/wp-json\/wp\/v2\/pages\/5\/revisions\/868"}],"wp:attachment":[{"href":"https:\/\/storborgarn.se\/wordpress\/wp-json\/wp\/v2\/media?parent=5"}],"curies":[{"name":"wp","href":"https:\/\/api.w.org\/{rel}","templated":true}]}}