{"id":531,"date":"2015-06-26T22:18:41","date_gmt":"2015-06-26T20:18:41","guid":{"rendered":"http:\/\/www.storborgarn.se\/wordpress\/?page_id=531"},"modified":"2015-06-26T22:18:41","modified_gmt":"2015-06-26T20:18:41","slug":"sevardheter","status":"publish","type":"page","link":"https:\/\/storborgarn.se\/wordpress\/byn\/sevardheter\/","title":{"rendered":"Sev\u00e4rdheter"},"content":{"rendered":"<h2>F\u00e5ngstgropar<\/h2>\n<p>Efter v\u00e4gen till V\u00e4stborgarsj\u00f6n \u00e5terfinns gamla <a href=\"http:\/\/www.fmis.raa.se\/cocoon\/fornsok\/search.html?description=storborgaren&amp;tab=2&amp;page=1&amp;extent=1615607.7848922946,7067603.509307,1624074.4469869635,7070924.028347253&amp;layers=Sverige;Fornl%C3%A4mningar;Fornl%C3%A4mningar%20markering;&amp;overview=0\">f\u00e5ngstgropar <\/a>som s\u00e4gs h\u00e4rstamma fr\u00e5n de samer som brukar bes\u00f6ka byn med sina ren hjordar. Groparna anv\u00e4ndes f\u00f6r att f\u00e5nga in de renar som blev kvar n\u00e4r hjorden drevs norrut.<\/p>\n<h2>Utsiktsberg<\/h2>\n<p>Vill man sk\u00e5da en vidunderlig utsikt s\u00e5 ska man ta sig upp p\u00e5 Storsvedliden (445 m) eller Borganliden (470 m). Man kan \u00e4ven bestiga det n\u00e4rbel\u00e4gna <a href=\"https:\/\/sv.wikipedia.org\/wiki\/B%C3%A5galiden\">B\u00e5galiden <\/a>(530 m) som med sitt torn fungerat som brand och flygspaningsutkik i tidigare dagar.<\/p>\n<h2>Naturreservat<\/h2>\n<p>Storborgarens sj\u00f6system ing\u00e5r sedan 1999 i <a href=\"http:\/\/www.lansstyrelsen.se\/vasternorrland\/Sv\/djur-och-natur\/skyddad-natur\/naturreservat-i-vasternorrland\/ornskoldsviks-kommun\/hemlingsan\/Pages\/default.aspx\">Hemlings\u00e5nsnaturreservat <\/a>som \u00e4r Sveriges enda utterreservat. Detta inneb\u00e4r att alla ska f\u00f6lja det \u00e5tg\u00e4rdsprogram som har uppr\u00e4ttats. F\u00f6rhoppningsvis s\u00e5 ska detta arbete g\u00f6ra s\u00e5 att man kan f\u00e5 syn p\u00e5 den utrotningshotade uttern. Kanske du vill bli utterspejare?<\/p>\n<h2>Urskog<\/h2>\n<p>N\u00e5gon urskog finns inte i byn men f\u00e4rdas man n\u00e5gra mil norrut till <a href=\"https:\/\/sv.wikipedia.org\/wiki\/V%C3%A4nd%C3%A5tberget\">V\u00e4nd\u00e5tberget <\/a>s\u00e5 f\u00e5r man en uppfattning om hur det kan ha sett ut.<\/p>\n","protected":false},"excerpt":{"rendered":"<p>F\u00e5ngstgropar Efter v\u00e4gen till V\u00e4stborgarsj\u00f6n \u00e5terfinns gamla f\u00e5ngstgropar som s\u00e4gs h\u00e4rstamma fr\u00e5n de samer som brukar bes\u00f6ka byn med sina ren hjordar. Groparna anv\u00e4ndes f\u00f6r att f\u00e5nga in de renar som blev kvar n\u00e4r hjorden drevs norrut. Utsiktsberg Vill man &hellip; <a href=\"https:\/\/storborgarn.se\/wordpress\/byn\/sevardheter\/\">Forts\u00e4tt l\u00e4sa <span class=\"meta-nav\">&rarr;<\/span><\/a><\/p>\n","protected":false},"author":2,"featured_media":0,"parent":5,"menu_order":0,"comment_status":"open","ping_status":"open","template":"","meta":{"footnotes":""},"class_list":["post-531","page","type-page","status-publish","hentry"],"_links":{"self":[{"href":"https:\/\/storborgarn.se\/wordpress\/wp-json\/wp\/v2\/pages\/531"}],"collection":[{"href":"https:\/\/storborgarn.se\/wordpress\/wp-json\/wp\/v2\/pages"}],"about":[{"href":"https:\/\/storborgarn.se\/wordpress\/wp-json\/wp\/v2\/types\/page"}],"author":[{"embeddable":true,"href":"https:\/\/storborgarn.se\/wordpress\/wp-json\/wp\/v2\/users\/2"}],"replies":[{"embeddable":true,"href":"https:\/\/storborgarn.se\/wordpress\/wp-json\/wp\/v2\/comments?post=531"}],"version-history":[{"count":0,"href":"https:\/\/storborgarn.se\/wordpress\/wp-json\/wp\/v2\/pages\/531\/revisions"}],"up":[{"embeddable":true,"href":"https:\/\/storborgarn.se\/wordpress\/wp-json\/wp\/v2\/pages\/5"}],"wp:attachment":[{"href":"https:\/\/storborgarn.se\/wordpress\/wp-json\/wp\/v2\/media?parent=531"}],"curies":[{"name":"wp","href":"https:\/\/api.w.org\/{rel}","templated":true}]}}