{"id":577,"date":"2015-07-11T20:17:40","date_gmt":"2015-07-11T18:17:40","guid":{"rendered":"http:\/\/www.storborgarn.se\/wordpress\/?page_id=577"},"modified":"2015-07-11T20:43:37","modified_gmt":"2015-07-11T18:43:37","slug":"hosten-2014","status":"publish","type":"page","link":"https:\/\/storborgarn.se\/wordpress\/byn\/bilder\/hosten-2014\/","title":{"rendered":"H\u00f6sten 2014"},"content":{"rendered":"<p>N\u00e5gra bilder fr\u00e5n h\u00f6sten.<\/p>\n<p><span id=\"cs-slider-shortcode\">[crellyslider alias=&#8221;h\u00f6sten_2014&#8243;]<\/span><\/p>\n","protected":false},"excerpt":{"rendered":"<p>N\u00e5gra bilder fr\u00e5n h\u00f6sten. [crellyslider alias=&#8221;h\u00f6sten_2014&#8243;]<\/p>\n","protected":false},"author":2,"featured_media":0,"parent":22,"menu_order":0,"comment_status":"open","ping_status":"open","template":"","meta":{"footnotes":""},"class_list":["post-577","page","type-page","status-publish","hentry"],"_links":{"self":[{"href":"https:\/\/storborgarn.se\/wordpress\/wp-json\/wp\/v2\/pages\/577"}],"collection":[{"href":"https:\/\/storborgarn.se\/wordpress\/wp-json\/wp\/v2\/pages"}],"about":[{"href":"https:\/\/storborgarn.se\/wordpress\/wp-json\/wp\/v2\/types\/page"}],"author":[{"embeddable":true,"href":"https:\/\/storborgarn.se\/wordpress\/wp-json\/wp\/v2\/users\/2"}],"replies":[{"embeddable":true,"href":"https:\/\/storborgarn.se\/wordpress\/wp-json\/wp\/v2\/comments?post=577"}],"version-history":[{"count":0,"href":"https:\/\/storborgarn.se\/wordpress\/wp-json\/wp\/v2\/pages\/577\/revisions"}],"up":[{"embeddable":true,"href":"https:\/\/storborgarn.se\/wordpress\/wp-json\/wp\/v2\/pages\/22"}],"wp:attachment":[{"href":"https:\/\/storborgarn.se\/wordpress\/wp-json\/wp\/v2\/media?parent=577"}],"curies":[{"name":"wp","href":"https:\/\/api.w.org\/{rel}","templated":true}]}}