{"id":787,"date":"2018-06-30T07:50:16","date_gmt":"2018-06-30T05:50:16","guid":{"rendered":"http:\/\/www.storborgarn.se\/wordpress\/?page_id=787"},"modified":"2018-06-30T07:53:48","modified_gmt":"2018-06-30T05:53:48","slug":"gdpr-info","status":"publish","type":"page","link":"https:\/\/storborgarn.se\/wordpress\/om\/gdpr-info\/","title":{"rendered":"GDPR info"},"content":{"rendered":"<p>Denna hemsida samlar inte information kring anv\u00e4ndare annat \u00e4n vad som programmet wordpress anv\u00e4nder.&nbsp;<\/p>\n<p>Det finns m\u00f6jlighet att beg\u00e4ra utdrag fr\u00e5n systemet kring de data som eventuellt finns via:&nbsp;<div class=\"wpgdprc\">\n<form class=\"wpgdprc-form wpgdprc-form--access-request\" name=\"wpgdprc_form\" method=\"POST\">\n\t<ul class=\"wpgdprc-form__fields\">\n\t\t\n<li class=\"wpgdprc-form__field\">\n\t<label for=\"wpgdprc-form__email\" class=\"screen-reader-text\">Din e-postadress<\/label>\n\t<input type=\"email\" class=\"wpgdprc-form__input wpgdprc-form__input--email\" name=\"wpgdprc_email\" id=\"wpgdprc-form__email\" placeholder=\"Din e-postadress\" required \/>\n<\/li>\n\t\t\n<li class=\"wpgdprc-form__field wpgdprc-form__field--checkbox\">\n\t<input class=\"wpgdprc-form__input wpgdprc-form__input--checkbox\" type=\"checkbox\" name=\"wpgdprc_consent\" id=\"wpgdprc-form__consent\" value=\"1\" required \/>\n\t<label class=\"wpgdprc-form__label\" for=\"wpgdprc-form__consent\">Genom att anv\u00e4nda detta formul\u00e4r accepterar du att denna webbplats lagrar och bearbetar dina uppgifter.<\/label>\n<\/li>\n\t<\/ul>\n\t<div class=\"wpgdprc-form__footer\">\n\t\t\n<p class=\"wpgdprc-form__submit\">\n\t<input type=\"submit\" class=\"wpgdprc-form__input wpgdprc-form__input--submit\" name=\"wpgdprc_submit\" value=\"Skicka\" \/>\n<\/p>\n\t<\/div>\n\t<div class=\"wpgdprc-message\" style=\"display:none;\"><\/div>\n<\/form>\n<\/div><\/p>\n","protected":false},"excerpt":{"rendered":"<p>Denna hemsida samlar inte information kring anv\u00e4ndare annat \u00e4n vad som programmet wordpress anv\u00e4nder.&nbsp; Det finns m\u00f6jlighet att beg\u00e4ra utdrag fr\u00e5n systemet kring de data som eventuellt finns via:&nbsp;<\/p>\n","protected":false},"author":2,"featured_media":0,"parent":50,"menu_order":0,"comment_status":"closed","ping_status":"closed","template":"","meta":{"footnotes":""},"class_list":["post-787","page","type-page","status-publish","hentry"],"_links":{"self":[{"href":"https:\/\/storborgarn.se\/wordpress\/wp-json\/wp\/v2\/pages\/787"}],"collection":[{"href":"https:\/\/storborgarn.se\/wordpress\/wp-json\/wp\/v2\/pages"}],"about":[{"href":"https:\/\/storborgarn.se\/wordpress\/wp-json\/wp\/v2\/types\/page"}],"author":[{"embeddable":true,"href":"https:\/\/storborgarn.se\/wordpress\/wp-json\/wp\/v2\/users\/2"}],"replies":[{"embeddable":true,"href":"https:\/\/storborgarn.se\/wordpress\/wp-json\/wp\/v2\/comments?post=787"}],"version-history":[{"count":0,"href":"https:\/\/storborgarn.se\/wordpress\/wp-json\/wp\/v2\/pages\/787\/revisions"}],"up":[{"embeddable":true,"href":"https:\/\/storborgarn.se\/wordpress\/wp-json\/wp\/v2\/pages\/50"}],"wp:attachment":[{"href":"https:\/\/storborgarn.se\/wordpress\/wp-json\/wp\/v2\/media?parent=787"}],"curies":[{"name":"wp","href":"https:\/\/api.w.org\/{rel}","templated":true}]}}